{"id":92,"date":"2023-09-23T14:59:37","date_gmt":"2023-09-23T14:59:37","guid":{"rendered":"https:\/\/ds-objektmanagement.de\/?page_id=92"},"modified":"2025-06-19T14:43:14","modified_gmt":"2025-06-19T14:43:14","slug":"ueber","status":"publish","type":"page","link":"https:\/\/ds-objektmanagement.de\/?page_id=92","title":{"rendered":"\u00dcber"},"content":{"rendered":"\n<p class=\"has-text-align-center\"><\/p>\n\n\n\n<p>Mit einem klaren Qualit\u00e4tsanspruch, technischer Expertise und dem Blick f\u00fcr individuelle Kundenbed\u00fcrfnisse konnte DSO sein Leistungsspektrum kontinuierlich erweitern. Heute decken wir s\u00e4mtliche Bereiche des modernen Geb\u00e4udemanagements ab &#8211; von der Pflege und Instandhaltung technischer Anlagen \u00fcber die Geb\u00e4udereinigung bis hin zur Au\u00dfenanlagenpflege und infrastrukturellen Services. <\/p>\n\n\n\n<p class=\"has-text-align-center\">&#8222;<strong>DSO &#8211; F\u00fcr Immobilien die funkionieren.<\/strong>&#8222;<\/p>\n\n\n\n<p>Unser Erfolg basiert auf einem erfahrenen Team, langfristiger Partnerschaften und der konsequenten Ausrichtung an Nachhaltigkeit und Effizienz. DSO Objektmanagement steht heute f\u00fcr zuverl\u00e4ssigen Service, ma\u00dfgeschneiderte L\u00f6sungen und ein starkes Fundament f\u00fcr die Zukunft.<\/p>\n\n\n\n<p class=\"has-text-align-center\"><\/p>\n\n\n\n<p><\/p>\n\n\n\n<p><\/p>\n\n\n\n<div class=\"wp-block-columns is-layout-flex wp-container-core-columns-is-layout-1 wp-block-columns-is-layout-flex\">\n<div class=\"wp-block-column is-layout-flow wp-block-column-is-layout-flow\">\n<h2 class=\"wp-block-heading has-text-align-center\"><\/h2>\n<\/div>\n<\/div>\n\n\n\n<p class=\"has-text-align-center\"><\/p>\n\n\n\n<p><\/p>\n\n\n\n<p class=\"has-text-align-center\"><\/p>\n\n\n\n<p><\/p>\n\n\n\n<p class=\"has-text-align-center\"><\/p>\n\n\n\n<p class=\"has-text-align-center\"><\/p>\n","protected":false},"excerpt":{"rendered":"<p>Mit einem klaren Qualit\u00e4tsanspruch, technischer Expertise und dem Blick f\u00fcr individuelle Kundenbed\u00fcrfnisse konnte DSO sein Leistungsspektrum kontinuierlich erweitern. Heute decken wir s\u00e4mtliche Bereiche des modernen Geb\u00e4udemanagements ab &#8211; von der Pflege und Instandhaltung technischer Anlagen \u00fcber die Geb\u00e4udereinigung bis hin zur Au\u00dfenanlagenpflege und infrastrukturellen Services. &#8222;DSO &#8211; F\u00fcr Immobilien die funkionieren.&#8222; Unser Erfolg basiert auf &hellip; <\/p>\n<p class=\"link-more\"><a href=\"https:\/\/ds-objektmanagement.de\/?page_id=92\" class=\"more-link\"><span class=\"screen-reader-text\">\u201e\u00dcber\u201c<\/span> weiterlesen<\/a><\/p>\n","protected":false},"author":1,"featured_media":0,"parent":0,"menu_order":0,"comment_status":"closed","ping_status":"closed","template":"","meta":{"footnotes":""},"class_list":["post-92","page","type-page","status-publish","hentry"],"_links":{"self":[{"href":"https:\/\/ds-objektmanagement.de\/index.php?rest_route=\/wp\/v2\/pages\/92"}],"collection":[{"href":"https:\/\/ds-objektmanagement.de\/index.php?rest_route=\/wp\/v2\/pages"}],"about":[{"href":"https:\/\/ds-objektmanagement.de\/index.php?rest_route=\/wp\/v2\/types\/page"}],"author":[{"embeddable":true,"href":"https:\/\/ds-objektmanagement.de\/index.php?rest_route=\/wp\/v2\/users\/1"}],"replies":[{"embeddable":true,"href":"https:\/\/ds-objektmanagement.de\/index.php?rest_route=%2Fwp%2Fv2%2Fcomments&post=92"}],"version-history":[{"count":12,"href":"https:\/\/ds-objektmanagement.de\/index.php?rest_route=\/wp\/v2\/pages\/92\/revisions"}],"predecessor-version":[{"id":342,"href":"https:\/\/ds-objektmanagement.de\/index.php?rest_route=\/wp\/v2\/pages\/92\/revisions\/342"}],"wp:attachment":[{"href":"https:\/\/ds-objektmanagement.de\/index.php?rest_route=%2Fwp%2Fv2%2Fmedia&parent=92"}],"curies":[{"name":"wp","href":"https:\/\/api.w.org\/{rel}","templated":true}]}}