{"id":122,"date":"2023-09-23T15:22:41","date_gmt":"2023-09-23T15:22:41","guid":{"rendered":"https:\/\/ds-objektmanagement.de\/?page_id=122"},"modified":"2025-08-28T16:03:48","modified_gmt":"2025-08-28T16:03:48","slug":"122-2","status":"publish","type":"page","link":"https:\/\/ds-objektmanagement.de\/","title":{"rendered":""},"content":{"rendered":"\n<div class=\"wp-block-group alignfull has-background\" style=\"background-color:#e5e9ec;padding-top:var(--wp--preset--spacing--small);padding-bottom:var(--wp--preset--spacing--small)\"><div class=\"wp-block-group__inner-container is-layout-constrained wp-block-group-is-layout-constrained\">\n<div class=\"wp-block-columns is-layout-flex wp-container-core-columns-is-layout-2 wp-block-columns-is-layout-flex\">\n<div class=\"wp-block-column is-vertically-aligned-center is-layout-flow wp-block-column-is-layout-flow\">\n<h2 class=\"wp-block-heading\"><\/h2>\n\n\n\n<p>Die D.S.O ist seit 2019 Ihr zuverl\u00e4ssiger Partner f\u00fcr professionelle Dienstleistungen. Mit einem engagierten und erfahrenen Team stehen wir f\u00fcr Qualit\u00e4t, Verl\u00e4sslichkeit und kundenorientiertes Arbeiten. Unsere Mitarbeitenden bringen nicht nur fachliches Know-how mit, sondern auch ein hohes Ma\u00df an Einsatzbereitschaft und Verantwortungsgef\u00fchl. <\/p>\n\n\n<div class=\"wp-block-image\">\n<figure class=\"alignleft is-resized\"><img loading=\"lazy\" decoding=\"async\" width=\"1024\" height=\"764\" src=\"https:\/\/ds-objektmanagement.de\/wp-content\/uploads\/2023\/09\/cropped-IMG_3314-1024x764.png\" alt=\"\" class=\"wp-image-120\" style=\"width:290px;height:auto\" srcset=\"https:\/\/ds-objektmanagement.de\/wp-content\/uploads\/2023\/09\/cropped-IMG_3314-1024x764.png 1024w, https:\/\/ds-objektmanagement.de\/wp-content\/uploads\/2023\/09\/cropped-IMG_3314-300x224.png 300w, https:\/\/ds-objektmanagement.de\/wp-content\/uploads\/2023\/09\/cropped-IMG_3314-768x573.png 768w, https:\/\/ds-objektmanagement.de\/wp-content\/uploads\/2023\/09\/cropped-IMG_3314-1536x1146.png 1536w, https:\/\/ds-objektmanagement.de\/wp-content\/uploads\/2023\/09\/cropped-IMG_3314.png 2000w\" sizes=\"(max-width: 706px) 89vw, (max-width: 767px) 82vw, 740px\" \/><\/figure><\/div>\n\n\n<p>Was uns auszeichnet, ist die pers\u00f6nliche Betreuung unserer Kunden und der Anspruch, jedes Projekt mit gr\u00f6\u00dfter Sorgfalt und Effizienz umzusetzen. Ob langj\u00e4hrige Gesch\u00e4ftspartner oder neue Kunden &#8211; wir setzen auf Vertrauen,  Transparenz und eine Zusammenarbeit auf Augenh\u00f6he.<\/p>\n\n\n\n<p>Unser Ziel ist es, nicht nur zu \u00fcberzeugen, sondern nachhaltig zu begeistern. Daf\u00fcr entwickeln wir stetig unsere Leistungen weiter und passen uns flexibel an die individuellen Anforderungen unserer Auftraggeber an.<\/p>\n\n\n\n<h3 class=\"wp-block-heading\"><strong><em>-Pers\u00f6nlich-Freundlich-Nah-<\/em><\/strong><\/h3>\n\n\n\n<p><\/p>\n<\/div>\n\n\n\n<div class=\"wp-block-column is-layout-flow wp-block-column-is-layout-flow\">\n<div class=\"wp-block-columns is-layout-flex wp-container-core-columns-is-layout-1 wp-block-columns-is-layout-flex\">\n<div class=\"wp-block-column is-layout-flow wp-block-column-is-layout-flow\" style=\"flex-basis:100%\"><\/div>\n<\/div>\n<\/div>\n<\/div>\n<\/div><\/div>\n\n\n\n<div class=\"wp-block-columns is-layout-flex wp-container-core-columns-is-layout-3 wp-block-columns-is-layout-flex\">\n<div class=\"wp-block-column is-layout-flow wp-block-column-is-layout-flow\">\n<figure class=\"wp-block-image size-large\"><img loading=\"lazy\" decoding=\"async\" width=\"1024\" height=\"257\" src=\"https:\/\/ds-objektmanagement.de\/wp-content\/uploads\/2023\/09\/cropped-Unbenannt-1-scaled-2-1024x257.jpg\" alt=\"\" class=\"wp-image-38\" srcset=\"https:\/\/ds-objektmanagement.de\/wp-content\/uploads\/2023\/09\/cropped-Unbenannt-1-scaled-2-1024x257.jpg 1024w, https:\/\/ds-objektmanagement.de\/wp-content\/uploads\/2023\/09\/cropped-Unbenannt-1-scaled-2-300x75.jpg 300w, https:\/\/ds-objektmanagement.de\/wp-content\/uploads\/2023\/09\/cropped-Unbenannt-1-scaled-2-768x193.jpg 768w, https:\/\/ds-objektmanagement.de\/wp-content\/uploads\/2023\/09\/cropped-Unbenannt-1-scaled-2-1536x385.jpg 1536w, https:\/\/ds-objektmanagement.de\/wp-content\/uploads\/2023\/09\/cropped-Unbenannt-1-scaled-2.jpg 1810w\" sizes=\"(max-width: 706px) 89vw, (max-width: 767px) 82vw, 740px\" \/><\/figure>\n\n\n\n<h5 class=\"wp-block-heading has-text-align-center\"><strong>Objektmanagement ganzj\u00e4hrlich-ganzheitlich<\/strong><\/h5>\n\n\n\n<h2 class=\"wp-block-heading\">D.S.O reginal stark f\u00fcr M\u00fcnchen<\/h2>\n\n\n\n<p>Ob Wohnanlagen, Gewerbeobjekte, Privatkunden oder im \u00f6ffentlichen Bereich: Wir betreuen Ihre Immobilie ganzj\u00e4hrig und individuell- flexibel angepasst an die jeweiligen Anforderungen und Jahreszeiten.<\/p>\n\n\n\n<h2 class=\"wp-block-heading\">Ein Ansprechpartner. Viele Leistungen. Maximale Entlastung<\/h2>\n\n\n\n<p>Vertrauen Sie auf DSO Objektmanagement- f\u00fcr reibungslose Abl\u00e4ufe, gepflegte Fl\u00e4chen und sp\u00fcrbar weniger Aufwand. <\/p>\n\n\n\n<p><\/p>\n<\/div>\n\n\n\n<div class=\"wp-block-column is-layout-flow wp-block-column-is-layout-flow\">\n<figure class=\"wp-block-image size-large\"><img loading=\"lazy\" decoding=\"async\" width=\"1024\" height=\"257\" src=\"https:\/\/ds-objektmanagement.de\/wp-content\/uploads\/2023\/09\/cropped-Unbenannt-1-scaled-2-1024x257.jpg\" alt=\"\" class=\"wp-image-38\" srcset=\"https:\/\/ds-objektmanagement.de\/wp-content\/uploads\/2023\/09\/cropped-Unbenannt-1-scaled-2-1024x257.jpg 1024w, https:\/\/ds-objektmanagement.de\/wp-content\/uploads\/2023\/09\/cropped-Unbenannt-1-scaled-2-300x75.jpg 300w, https:\/\/ds-objektmanagement.de\/wp-content\/uploads\/2023\/09\/cropped-Unbenannt-1-scaled-2-768x193.jpg 768w, https:\/\/ds-objektmanagement.de\/wp-content\/uploads\/2023\/09\/cropped-Unbenannt-1-scaled-2-1536x385.jpg 1536w, https:\/\/ds-objektmanagement.de\/wp-content\/uploads\/2023\/09\/cropped-Unbenannt-1-scaled-2.jpg 1810w\" sizes=\"(max-width: 706px) 89vw, (max-width: 767px) 82vw, 740px\" \/><\/figure>\n\n\n\n<h5 class=\"wp-block-heading has-text-align-center\"><strong>Au\u00dfen- und  innen in besten H\u00e4nden <\/strong><\/h5>\n\n\n\n<p>Der erste Eindruck z\u00e4hlt &#8211; und das nicht nur drau\u00dfen! Mit unserer professionellen Au\u00dfen &#8211; und Innenanlagenpfelege sorgen wir daf\u00fcr, dass Ihre Immobilie rundum gepflegt, einladend und werterhaltend bleibt. Ob f\u00fcr Unternehmen oder private Eigent\u00fcmer: Wir bieten ma\u00dfgeschneiderte L\u00f6sungen mit Blick f\u00fcrs Detail. <\/p>\n\n\n\n<h2 class=\"wp-block-heading\">Au\u00dfenanlagenpflege &#8211; Mehr als nur Gr\u00fcnpflege<\/h2>\n\n\n\n<p>Ihre Au\u00dfenfl\u00e4chen sind das Aush\u00e4ngeschild Ihrer Immobilie. Wir sorgen daf\u00fcr, dass alles sauber, gepflegt und repr\u00e4sentativ wirkt- das ganze Jahr \u00fcber.<\/p>\n\n\n\n<ul class=\"wp-block-list\">\n<li>Kehrarbeiten f\u00fcr Stra\u00dfen, Pl\u00e4tze und Gro\u00dffl\u00e4chen<\/li>\n\n\n\n<li>Laub- und M\u00fcllbeseitiung <\/li>\n\n\n\n<li>Gr\u00fcnfl\u00e4chenpflege Rasenm\u00e4hern, Gro\u00dffl\u00e4chenm\u00e4hern und Anbauger\u00e4ten<\/li>\n\n\n\n<li>Unkrautentfernung auf Pflastenfl\u00e4chen <\/li>\n\n\n\n<li>Geh\u00f6lzschnitt, Baumarbeiten und B\u00f6schungspflege<\/li>\n\n\n\n<li>Winterdienst mit Technik f\u00fcr Stra\u00dfen, Gehwegen sowie Industriearealen<\/li>\n<\/ul>\n\n\n\n<figure class=\"wp-block-image size-large\"><img loading=\"lazy\" decoding=\"async\" width=\"1024\" height=\"670\" src=\"https:\/\/ds-objektmanagement.de\/wp-content\/uploads\/2025\/06\/4a24eaa3-2971-4638-a699-a33c771021df1-1024x670.jpg\" alt=\"\" class=\"wp-image-349\" srcset=\"https:\/\/ds-objektmanagement.de\/wp-content\/uploads\/2025\/06\/4a24eaa3-2971-4638-a699-a33c771021df1-1024x670.jpg 1024w, https:\/\/ds-objektmanagement.de\/wp-content\/uploads\/2025\/06\/4a24eaa3-2971-4638-a699-a33c771021df1-300x196.jpg 300w, https:\/\/ds-objektmanagement.de\/wp-content\/uploads\/2025\/06\/4a24eaa3-2971-4638-a699-a33c771021df1-768x502.jpg 768w, https:\/\/ds-objektmanagement.de\/wp-content\/uploads\/2025\/06\/4a24eaa3-2971-4638-a699-a33c771021df1-1536x1005.jpg 1536w, https:\/\/ds-objektmanagement.de\/wp-content\/uploads\/2025\/06\/4a24eaa3-2971-4638-a699-a33c771021df1.jpg 1957w\" sizes=\"(max-width: 706px) 89vw, (max-width: 767px) 82vw, 740px\" \/><\/figure>\n<\/div>\n\n\n\n<div class=\"wp-block-column is-layout-flow wp-block-column-is-layout-flow\">\n<figure class=\"wp-block-image size-large\"><img loading=\"lazy\" decoding=\"async\" width=\"1024\" height=\"257\" src=\"https:\/\/ds-objektmanagement.de\/wp-content\/uploads\/2023\/09\/cropped-Unbenannt-1-scaled-2-1024x257.jpg\" alt=\"\" class=\"wp-image-38\" srcset=\"https:\/\/ds-objektmanagement.de\/wp-content\/uploads\/2023\/09\/cropped-Unbenannt-1-scaled-2-1024x257.jpg 1024w, https:\/\/ds-objektmanagement.de\/wp-content\/uploads\/2023\/09\/cropped-Unbenannt-1-scaled-2-300x75.jpg 300w, https:\/\/ds-objektmanagement.de\/wp-content\/uploads\/2023\/09\/cropped-Unbenannt-1-scaled-2-768x193.jpg 768w, https:\/\/ds-objektmanagement.de\/wp-content\/uploads\/2023\/09\/cropped-Unbenannt-1-scaled-2-1536x385.jpg 1536w, https:\/\/ds-objektmanagement.de\/wp-content\/uploads\/2023\/09\/cropped-Unbenannt-1-scaled-2.jpg 1810w\" sizes=\"(max-width: 706px) 89vw, (max-width: 767px) 82vw, 740px\" \/><\/figure>\n\n\n\n<h5 class=\"wp-block-heading has-text-align-center\"><strong>Sicher durch den Winter-mit unserem zuverl\u00e4ssigen Winterdienst<\/strong><\/h5>\n\n\n\n<p>Wenn der Winter Einzug h\u00e4lt, sorgen wir daf\u00fcr, dass Sie entspannt durch die kalte Jahreszeit kommen. Unser professioneller Winterdienst \u00fcbernimmt zuverl\u00e4ssig alle R\u00e4um &#8211; und Streuarbeiten &#8211; damit Stra\u00dfen, Gehwege, Zufahrten, Parkpl\u00e4tze etc. jederzeit sicher und begehbar bleiben.  <\/p>\n\n\n\n<h2 class=\"wp-block-heading\">Wir sind f\u00fcr Sie im Einsatz &#8211; fr\u00fch, gr\u00fcndlich und verl\u00e4sslich<\/h2>\n\n\n\n<p>Eis und Schnee kommen oft \u00fcberraschend &#8211; wir nicht! Mit unserem bew\u00e4hrten Winterdienst sind Sie auf der sicheren Seite.<\/p>\n\n\n\n<ul class=\"wp-block-list\">\n<li>Schneer\u00e4umung von Stra\u00dfen, Gehwegen Einfahrten, Zufahrten und Parkfl\u00e4chen<\/li>\n\n\n\n<li>Streuen von Sra\u00dfen, Gehwegen, Zufahrten und  Parkfl\u00e4chen.<\/li>\n\n\n\n<li>Beseitigung von Glatteis und Nachstreuen bei Bedarf<\/li>\n\n\n\n<li>24\/7 &#8211; Bereitschaft Schnee- und Frostwarnung<\/li>\n\n\n\n<li>Dokumentation der Eins\u00e4tze zur rechtlichen Absicherung<\/li>\n<\/ul>\n\n\n<\/div>\n<\/div>\n\n\n\n<div class=\"wp-block-columns is-layout-flex wp-container-core-columns-is-layout-4 wp-block-columns-is-layout-flex\">\n<div class=\"wp-block-column is-layout-flow wp-block-column-is-layout-flow\">\n<h3 class=\"wp-block-heading\"><mark style=\"background-color:rgba(0, 0, 0, 0)\" class=\"has-inline-color has-primary-color\"><strong>Kommunaltechnik &amp; Kommunaltechnikarbeiten<\/strong><\/mark><\/h3>\n\n\n\n<p><strong>Starke Technik- f\u00fcr Starke Aufgaben<\/strong><\/p>\n\n\n\n<p>Wenn es um die Pflege, Reinigung und Instandhaltung gro\u00dfer Fl\u00e4chen geht, ist Effizienz und Pr\u00e4zision gefragt. Mit modernster Technik und erfahrenem Fachpersonal \u00fcbernehmen wir anspruchsvolle Arbeiten im \u00f6ffentlichen Raum, auf Betriebsgel\u00e4nden und in Wohnanalagen &#8211; schnell, sauber und zuverl\u00e4ssig.<\/p>\n\n\n\n<p><strong>Technik-  auf die man sich verlassen kann<\/strong><\/p>\n\n\n\n<p>Unsere Fahrzeuge und Ger\u00e4te sind auf den neuesten Stand und werden regelm\u00e4\u00dfig gewartet &#8211; f\u00fcr eine sichere, umweltfreundliche und effiziente Ausf\u00fchrung jeder Aufgabe.<\/p>\n\n\n\n<p><strong>Gemeinsam mehr bewegen <\/strong> <\/p>\n\n\n\n<p>Sie suchen einen zuverl\u00e4ssigen Partner f\u00fcr kommunale Arbeiten oder Maschinenunterst\u00fctzung um Au\u00dfendienst? Dann sind Sie bei uns genau richtig. <strong>Fordern Sie jetzt Ihr unverbindliches Angebot an &#8211; wir beraten Sie gerne!<\/strong><\/p>\n\n\n\n<figure class=\"wp-block-image size-full is-resized\"><img loading=\"lazy\" decoding=\"async\" width=\"564\" height=\"779\" src=\"https:\/\/ds-objektmanagement.de\/wp-content\/uploads\/2023\/12\/IMG_4661.png\" alt=\"\" class=\"wp-image-224\" style=\"width:840px;height:auto\" srcset=\"https:\/\/ds-objektmanagement.de\/wp-content\/uploads\/2023\/12\/IMG_4661.png 564w, https:\/\/ds-objektmanagement.de\/wp-content\/uploads\/2023\/12\/IMG_4661-217x300.png 217w\" sizes=\"(max-width: 564px) 100vw, 564px\" \/><\/figure>\n<\/div>\n<\/div>\n\n\n\n<div class=\"wp-block-columns is-layout-flex wp-container-core-columns-is-layout-5 wp-block-columns-is-layout-flex\">\n<div class=\"wp-block-column is-layout-flow wp-block-column-is-layout-flow\">\n<h3 class=\"wp-block-heading\"><strong>Wartungs- und Reparaturarbeiten<\/strong><\/h3>\n\n\n\n<p>F\u00fcr Wartungs- und Reparaturarbeiten sind wir auch f\u00fcr Sie da. Wartung aller Schl\u00f6sser und Scharniere \u00dcberpr\u00fcfung der T\u00fcrschlie\u00dfanlagen \u00dcberwachung des richtigen Funktionierens der Treppenhaus- und Tiefgaragenlicht- und Au\u00dfenbeleuchtungsautomaten Auswechseln defekter Gl\u00fchbirnen und Sicherungen: Ausf\u00fchrung von Arbeiten auf beh\u00f6rdliche Anordnung \u00dcberwachen von Sammelheizungen und Warmwasserbereitungsanlagen<\/p>\n<\/div>\n<\/div>\n\n\n\n<figure class=\"wp-block-image size-large\"><img loading=\"lazy\" decoding=\"async\" width=\"1024\" height=\"724\" src=\"https:\/\/ds-objektmanagement.de\/wp-content\/uploads\/2023\/10\/Gekippt-bearbeitet-1024x724.jpg\" alt=\"\" class=\"wp-image-184\" srcset=\"https:\/\/ds-objektmanagement.de\/wp-content\/uploads\/2023\/10\/Gekippt-bearbeitet-1024x724.jpg 1024w, https:\/\/ds-objektmanagement.de\/wp-content\/uploads\/2023\/10\/Gekippt-bearbeitet-300x212.jpg 300w, https:\/\/ds-objektmanagement.de\/wp-content\/uploads\/2023\/10\/Gekippt-bearbeitet-768x543.jpg 768w, https:\/\/ds-objektmanagement.de\/wp-content\/uploads\/2023\/10\/Gekippt-bearbeitet-1536x1086.jpg 1536w, https:\/\/ds-objektmanagement.de\/wp-content\/uploads\/2023\/10\/Gekippt-bearbeitet-2048x1448.jpg 2048w, https:\/\/ds-objektmanagement.de\/wp-content\/uploads\/2023\/10\/Gekippt-bearbeitet-2000x1414.jpg 2000w\" sizes=\"(max-width: 706px) 89vw, (max-width: 767px) 82vw, 740px\" \/><\/figure>\n\n\n\n<p><\/p>\n\n\n\n<h3 class=\"wp-block-heading\">Interne Kontrollg\u00e4nge<\/h3>\n\n\n\n<p><\/p>\n\n\n\n<h2 class=\"wp-block-heading\">Verl\u00e4sslichkeit durch Kontrolle &#8211; pers\u00f6nlich und engagiert<\/h2>\n\n\n\n<p>Unsere internen Kontrollg\u00e4ngfe gew\u00e4hrleisten nicht nur Ordnung und Sicherheit in Ihrer Immobilie, sondern auch die konsequente Qualit\u00e4t unserer Leistungen. Wir pr\u00fcfen regelm\u00e4\u00dfig alle relevanten Bereiche wie Eing\u00e4nge, Flure, Technikr\u00e4ume und Au\u00dfenanlagen auf Sauberkeit, Sch\u00e4den und Funktionsf\u00e4higkeit. Dabei kontrollieren wir auch die Arbeit unserer Mitarbeiter, um sicherzustellen, dass alle Aufgaben gewissenhaft und nach Ihren Vorstellungen ausgef\u00fchrt werden. <\/p>\n\n\n\n<h2 class=\"wp-block-heading has-text-align-center\"><\/h2>\n\n\n\n<p class=\"has-text-align-center\"><\/p>\n\n\n\n<figure class=\"wp-block-image size-large\"><img loading=\"lazy\" decoding=\"async\" width=\"1024\" height=\"768\" src=\"https:\/\/ds-objektmanagement.de\/wp-content\/uploads\/2023\/10\/Kaufland-ventilatoren-1024x768.jpg\" alt=\"\" class=\"wp-image-167\" srcset=\"https:\/\/ds-objektmanagement.de\/wp-content\/uploads\/2023\/10\/Kaufland-ventilatoren-1024x768.jpg 1024w, https:\/\/ds-objektmanagement.de\/wp-content\/uploads\/2023\/10\/Kaufland-ventilatoren-300x225.jpg 300w, https:\/\/ds-objektmanagement.de\/wp-content\/uploads\/2023\/10\/Kaufland-ventilatoren-768x576.jpg 768w, https:\/\/ds-objektmanagement.de\/wp-content\/uploads\/2023\/10\/Kaufland-ventilatoren-1536x1152.jpg 1536w, https:\/\/ds-objektmanagement.de\/wp-content\/uploads\/2023\/10\/Kaufland-ventilatoren-2000x1500.jpg 2000w, https:\/\/ds-objektmanagement.de\/wp-content\/uploads\/2023\/10\/Kaufland-ventilatoren.jpg 2048w\" sizes=\"(max-width: 706px) 89vw, (max-width: 767px) 82vw, 740px\" \/><\/figure>\n\n\n\n<ul class=\"wp-block-social-links is-layout-flex wp-block-social-links-is-layout-flex\"><li class=\"wp-social-link wp-social-link-instagram  wp-block-social-link\"><a href=\"https:\/\/instagram.com\/d.s.o_objektmanagement?igshid=MWw2bDE5M2xud3BsZg%3D%3D&#038;utm_source=qr\" class=\"wp-block-social-link-anchor\"><svg width=\"24\" height=\"24\" viewBox=\"0 0 24 24\" version=\"1.1\" xmlns=\"http:\/\/www.w3.org\/2000\/svg\" aria-hidden=\"true\" focusable=\"false\"><path d=\"M12,4.622c2.403,0,2.688,0.009,3.637,0.052c0.877,0.04,1.354,0.187,1.671,0.31c0.42,0.163,0.72,0.358,1.035,0.673 c0.315,0.315,0.51,0.615,0.673,1.035c0.123,0.317,0.27,0.794,0.31,1.671c0.043,0.949,0.052,1.234,0.052,3.637 s-0.009,2.688-0.052,3.637c-0.04,0.877-0.187,1.354-0.31,1.671c-0.163,0.42-0.358,0.72-0.673,1.035 c-0.315,0.315-0.615,0.51-1.035,0.673c-0.317,0.123-0.794,0.27-1.671,0.31c-0.949,0.043-1.233,0.052-3.637,0.052 s-2.688-0.009-3.637-0.052c-0.877-0.04-1.354-0.187-1.671-0.31c-0.42-0.163-0.72-0.358-1.035-0.673 c-0.315-0.315-0.51-0.615-0.673-1.035c-0.123-0.317-0.27-0.794-0.31-1.671C4.631,14.688,4.622,14.403,4.622,12 s0.009-2.688,0.052-3.637c0.04-0.877,0.187-1.354,0.31-1.671c0.163-0.42,0.358-0.72,0.673-1.035 c0.315-0.315,0.615-0.51,1.035-0.673c0.317-0.123,0.794-0.27,1.671-0.31C9.312,4.631,9.597,4.622,12,4.622 M12,3 C9.556,3,9.249,3.01,8.289,3.054C7.331,3.098,6.677,3.25,6.105,3.472C5.513,3.702,5.011,4.01,4.511,4.511 c-0.5,0.5-0.808,1.002-1.038,1.594C3.25,6.677,3.098,7.331,3.054,8.289C3.01,9.249,3,9.556,3,12c0,2.444,0.01,2.751,0.054,3.711 c0.044,0.958,0.196,1.612,0.418,2.185c0.23,0.592,0.538,1.094,1.038,1.594c0.5,0.5,1.002,0.808,1.594,1.038 c0.572,0.222,1.227,0.375,2.185,0.418C9.249,20.99,9.556,21,12,21s2.751-0.01,3.711-0.054c0.958-0.044,1.612-0.196,2.185-0.418 c0.592-0.23,1.094-0.538,1.594-1.038c0.5-0.5,0.808-1.002,1.038-1.594c0.222-0.572,0.375-1.227,0.418-2.185 C20.99,14.751,21,14.444,21,12s-0.01-2.751-0.054-3.711c-0.044-0.958-0.196-1.612-0.418-2.185c-0.23-0.592-0.538-1.094-1.038-1.594 c-0.5-0.5-1.002-0.808-1.594-1.038c-0.572-0.222-1.227-0.375-2.185-0.418C14.751,3.01,14.444,3,12,3L12,3z M12,7.378 c-2.552,0-4.622,2.069-4.622,4.622S9.448,16.622,12,16.622s4.622-2.069,4.622-4.622S14.552,7.378,12,7.378z M12,15 c-1.657,0-3-1.343-3-3s1.343-3,3-3s3,1.343,3,3S13.657,15,12,15z M16.804,6.116c-0.596,0-1.08,0.484-1.08,1.08 s0.484,1.08,1.08,1.08c0.596,0,1.08-0.484,1.08-1.08S17.401,6.116,16.804,6.116z\"><\/path><\/svg><span class=\"wp-block-social-link-label screen-reader-text\">Instagram<\/span><\/a><\/li><\/ul>\n","protected":false},"excerpt":{"rendered":"<p>Die D.S.O ist seit 2019 Ihr zuverl\u00e4ssiger Partner f\u00fcr professionelle Dienstleistungen. Mit einem engagierten und erfahrenen Team stehen wir f\u00fcr Qualit\u00e4t, Verl\u00e4sslichkeit und kundenorientiertes Arbeiten. Unsere Mitarbeitenden bringen nicht nur fachliches Know-how mit, sondern auch ein hohes Ma\u00df an Einsatzbereitschaft und Verantwortungsgef\u00fchl. Was uns auszeichnet, ist die pers\u00f6nliche Betreuung unserer Kunden und der Anspruch, jedes &hellip; <\/p>\n<p class=\"link-more\"><a href=\"https:\/\/ds-objektmanagement.de\/\" class=\"more-link\"><span class=\"screen-reader-text\">\u201e\u201c<\/span> weiterlesen<\/a><\/p>\n","protected":false},"author":1,"featured_media":0,"parent":0,"menu_order":0,"comment_status":"closed","ping_status":"closed","template":"","meta":{"footnotes":""},"class_list":["post-122","page","type-page","status-publish","hentry"],"_links":{"self":[{"href":"https:\/\/ds-objektmanagement.de\/index.php?rest_route=\/wp\/v2\/pages\/122"}],"collection":[{"href":"https:\/\/ds-objektmanagement.de\/index.php?rest_route=\/wp\/v2\/pages"}],"about":[{"href":"https:\/\/ds-objektmanagement.de\/index.php?rest_route=\/wp\/v2\/types\/page"}],"author":[{"embeddable":true,"href":"https:\/\/ds-objektmanagement.de\/index.php?rest_route=\/wp\/v2\/users\/1"}],"replies":[{"embeddable":true,"href":"https:\/\/ds-objektmanagement.de\/index.php?rest_route=%2Fwp%2Fv2%2Fcomments&post=122"}],"version-history":[{"count":50,"href":"https:\/\/ds-objektmanagement.de\/index.php?rest_route=\/wp\/v2\/pages\/122\/revisions"}],"predecessor-version":[{"id":362,"href":"https:\/\/ds-objektmanagement.de\/index.php?rest_route=\/wp\/v2\/pages\/122\/revisions\/362"}],"wp:attachment":[{"href":"https:\/\/ds-objektmanagement.de\/index.php?rest_route=%2Fwp%2Fv2%2Fmedia&parent=122"}],"curies":[{"name":"wp","href":"https:\/\/api.w.org\/{rel}","templated":true}]}}